{"id":2557,"date":"2021-04-14T16:08:11","date_gmt":"2021-04-14T14:08:11","guid":{"rendered":"https:\/\/www.zago-srl.com\/miscelatori-per-compostaggio\/miscelatori-trainati\/krause-afh-taf-2500\/"},"modified":"2024-05-30T11:51:35","modified_gmt":"2024-05-30T09:51:35","slug":"krause-afh-taf-2500","status":"publish","type":"page","link":"https:\/\/www.zago-srl.com\/fr\/melangeurs-de-compostage\/bio-broyeur-melangeurs-traines\/krause-afh-taf-2500\/","title":{"rendered":"Krause AFH \/ TAF 2500"},"content":{"rendered":"","protected":false},"excerpt":{"rendered":"","protected":false},"author":1,"featured_media":11986,"parent":2546,"menu_order":0,"comment_status":"closed","ping_status":"closed","template":"product.php","meta":{"_acf_changed":false,"footnotes":""},"class_list":["post-2557","page","type-page","status-publish","has-post-thumbnail","hentry"],"acf":[],"yoast_head":"<!-- This site is optimized with the Yoast SEO plugin v27.0 - https:\/\/yoast.com\/product\/yoast-seo-wordpress\/ -->\n<title>Krause AFH \/ TAF 2500 | Zago Srl<\/title>\n<meta name=\"description\" content=\"Le retourneur tra\u00een\u00e9 de la s\u00e9rie AFH et TAF est une machine con\u00e7ue pour les moyennes et grandes installations de compostage.\" \/>\n<meta name=\"robots\" content=\"index, follow, max-snippet:-1, max-image-preview:large, max-video-preview:-1\" \/>\n<link rel=\"canonical\" href=\"https:\/\/www.zago-srl.com\/fr\/melangeurs-de-compostage\/bio-broyeur-melangeurs-traines\/krause-afh-taf-2500\/\" \/>\n<meta property=\"og:locale\" content=\"fr_FR\" \/>\n<meta property=\"og:type\" content=\"article\" \/>\n<meta property=\"og:title\" content=\"Krause AFH \/ TAF 2500 | Zago Srl\" \/>\n<meta property=\"og:description\" content=\"Le retourneur tra\u00een\u00e9 de la s\u00e9rie AFH et TAF est une machine con\u00e7ue pour les moyennes et grandes installations de compostage.\" \/>\n<meta property=\"og:url\" content=\"https:\/\/www.zago-srl.com\/fr\/melangeurs-de-compostage\/bio-broyeur-melangeurs-traines\/krause-afh-taf-2500\/\" \/>\n<meta property=\"og:site_name\" content=\"Zago Srl\" \/>\n<meta property=\"article:publisher\" content=\"https:\/\/www.facebook.com\/Zago-Unifeed-474211715991224\/\" \/>\n<meta property=\"article:modified_time\" content=\"2024-05-30T09:51:35+00:00\" \/>\n<meta property=\"og:image\" content=\"https:\/\/www.zago-srl.com\/wp-content\/uploads\/2024\/05\/ZAGO_AFH_02_1120x450.webp\" \/>\n\t<meta property=\"og:image:width\" content=\"1120\" \/>\n\t<meta property=\"og:image:height\" content=\"450\" \/>\n\t<meta property=\"og:image:type\" content=\"image\/webp\" \/>\n<meta name=\"twitter:card\" content=\"summary_large_image\" \/>\n<script type=\"application\/ld+json\" class=\"yoast-schema-graph\">{\"@context\":\"https:\/\/schema.org\",\"@graph\":[{\"@type\":\"WebPage\",\"@id\":\"https:\/\/www.zago-srl.com\/fr\/melangeurs-de-compostage\/bio-broyeur-melangeurs-traines\/krause-afh-taf-2500\/\",\"url\":\"https:\/\/www.zago-srl.com\/fr\/melangeurs-de-compostage\/bio-broyeur-melangeurs-traines\/krause-afh-taf-2500\/\",\"name\":\"Krause AFH \/ TAF 2500 | Zago Srl\",\"isPartOf\":{\"@id\":\"https:\/\/www.zago-srl.com\/fr\/#website\"},\"primaryImageOfPage\":{\"@id\":\"https:\/\/www.zago-srl.com\/fr\/melangeurs-de-compostage\/bio-broyeur-melangeurs-traines\/krause-afh-taf-2500\/#primaryimage\"},\"image\":{\"@id\":\"https:\/\/www.zago-srl.com\/fr\/melangeurs-de-compostage\/bio-broyeur-melangeurs-traines\/krause-afh-taf-2500\/#primaryimage\"},\"thumbnailUrl\":\"https:\/\/www.zago-srl.com\/wp-content\/uploads\/2024\/05\/ZAGO_AFH_02_1120x450.webp\",\"datePublished\":\"2021-04-14T14:08:11+00:00\",\"dateModified\":\"2024-05-30T09:51:35+00:00\",\"description\":\"Le retourneur tra\u00een\u00e9 de la s\u00e9rie AFH et TAF est une machine con\u00e7ue pour les moyennes et grandes installations de compostage.\",\"breadcrumb\":{\"@id\":\"https:\/\/www.zago-srl.com\/fr\/melangeurs-de-compostage\/bio-broyeur-melangeurs-traines\/krause-afh-taf-2500\/#breadcrumb\"},\"inLanguage\":\"fr-FR\",\"potentialAction\":[{\"@type\":\"ReadAction\",\"target\":[\"https:\/\/www.zago-srl.com\/fr\/melangeurs-de-compostage\/bio-broyeur-melangeurs-traines\/krause-afh-taf-2500\/\"]}]},{\"@type\":\"ImageObject\",\"inLanguage\":\"fr-FR\",\"@id\":\"https:\/\/www.zago-srl.com\/fr\/melangeurs-de-compostage\/bio-broyeur-melangeurs-traines\/krause-afh-taf-2500\/#primaryimage\",\"url\":\"https:\/\/www.zago-srl.com\/wp-content\/uploads\/2024\/05\/ZAGO_AFH_02_1120x450.webp\",\"contentUrl\":\"https:\/\/www.zago-srl.com\/wp-content\/uploads\/2024\/05\/ZAGO_AFH_02_1120x450.webp\",\"width\":1120,\"height\":450},{\"@type\":\"BreadcrumbList\",\"@id\":\"https:\/\/www.zago-srl.com\/fr\/melangeurs-de-compostage\/bio-broyeur-melangeurs-traines\/krause-afh-taf-2500\/#breadcrumb\",\"itemListElement\":[{\"@type\":\"ListItem\",\"position\":1,\"name\":\"Home\",\"item\":\"https:\/\/www.zago-srl.com\/fr\/\"},{\"@type\":\"ListItem\",\"position\":2,\"name\":\"M\u00e9langeurs de compostage\",\"item\":\"https:\/\/www.zago-srl.com\/fr\/melangeurs-de-compostage\/\"},{\"@type\":\"ListItem\",\"position\":3,\"name\":\"Bio-broyeur-m\u00e9langeurs tra\u00een\u00e9s\",\"item\":\"https:\/\/www.zago-srl.com\/fr\/melangeurs-de-compostage\/bio-broyeur-melangeurs-traines\/\"},{\"@type\":\"ListItem\",\"position\":4,\"name\":\"Krause AFH \/ TAF 2500\"}]},{\"@type\":\"WebSite\",\"@id\":\"https:\/\/www.zago-srl.com\/fr\/#website\",\"url\":\"https:\/\/www.zago-srl.com\/fr\/\",\"name\":\"Zago Srl\",\"description\":\"\",\"publisher\":{\"@id\":\"https:\/\/www.zago-srl.com\/fr\/#organization\"},\"potentialAction\":[{\"@type\":\"SearchAction\",\"target\":{\"@type\":\"EntryPoint\",\"urlTemplate\":\"https:\/\/www.zago-srl.com\/fr\/?s={search_term_string}\"},\"query-input\":{\"@type\":\"PropertyValueSpecification\",\"valueRequired\":true,\"valueName\":\"search_term_string\"}}],\"inLanguage\":\"fr-FR\"},{\"@type\":\"Organization\",\"@id\":\"https:\/\/www.zago-srl.com\/fr\/#organization\",\"name\":\"Zago S.r.l.\",\"url\":\"https:\/\/www.zago-srl.com\/fr\/\",\"logo\":{\"@type\":\"ImageObject\",\"inLanguage\":\"fr-FR\",\"@id\":\"https:\/\/www.zago-srl.com\/fr\/#\/schema\/logo\/image\/\",\"url\":\"https:\/\/www.zago-srl.com\/wp-content\/uploads\/2021\/02\/logo.png\",\"contentUrl\":\"https:\/\/www.zago-srl.com\/wp-content\/uploads\/2021\/02\/logo.png\",\"width\":420,\"height\":152,\"caption\":\"Zago S.r.l.\"},\"image\":{\"@id\":\"https:\/\/www.zago-srl.com\/fr\/#\/schema\/logo\/image\/\"},\"sameAs\":[\"https:\/\/www.facebook.com\/Zago-Unifeed-474211715991224\/\",\"https:\/\/www.youtube.com\/user\/ZagoUnifeedGreen\"]}]}<\/script>\n<!-- \/ Yoast SEO plugin. -->","yoast_head_json":{"title":"Krause AFH \/ TAF 2500 | Zago Srl","description":"Le retourneur tra\u00een\u00e9 de la s\u00e9rie AFH et TAF est une machine con\u00e7ue pour les moyennes et grandes installations de compostage.","robots":{"index":"index","follow":"follow","max-snippet":"max-snippet:-1","max-image-preview":"max-image-preview:large","max-video-preview":"max-video-preview:-1"},"canonical":"https:\/\/www.zago-srl.com\/fr\/melangeurs-de-compostage\/bio-broyeur-melangeurs-traines\/krause-afh-taf-2500\/","og_locale":"fr_FR","og_type":"article","og_title":"Krause AFH \/ TAF 2500 | Zago Srl","og_description":"Le retourneur tra\u00een\u00e9 de la s\u00e9rie AFH et TAF est une machine con\u00e7ue pour les moyennes et grandes installations de compostage.","og_url":"https:\/\/www.zago-srl.com\/fr\/melangeurs-de-compostage\/bio-broyeur-melangeurs-traines\/krause-afh-taf-2500\/","og_site_name":"Zago Srl","article_publisher":"https:\/\/www.facebook.com\/Zago-Unifeed-474211715991224\/","article_modified_time":"2024-05-30T09:51:35+00:00","og_image":[{"width":1120,"height":450,"url":"https:\/\/www.zago-srl.com\/wp-content\/uploads\/2024\/05\/ZAGO_AFH_02_1120x450.webp","type":"image\/webp"}],"twitter_card":"summary_large_image","schema":{"@context":"https:\/\/schema.org","@graph":[{"@type":"WebPage","@id":"https:\/\/www.zago-srl.com\/fr\/melangeurs-de-compostage\/bio-broyeur-melangeurs-traines\/krause-afh-taf-2500\/","url":"https:\/\/www.zago-srl.com\/fr\/melangeurs-de-compostage\/bio-broyeur-melangeurs-traines\/krause-afh-taf-2500\/","name":"Krause AFH \/ TAF 2500 | Zago Srl","isPartOf":{"@id":"https:\/\/www.zago-srl.com\/fr\/#website"},"primaryImageOfPage":{"@id":"https:\/\/www.zago-srl.com\/fr\/melangeurs-de-compostage\/bio-broyeur-melangeurs-traines\/krause-afh-taf-2500\/#primaryimage"},"image":{"@id":"https:\/\/www.zago-srl.com\/fr\/melangeurs-de-compostage\/bio-broyeur-melangeurs-traines\/krause-afh-taf-2500\/#primaryimage"},"thumbnailUrl":"https:\/\/www.zago-srl.com\/wp-content\/uploads\/2024\/05\/ZAGO_AFH_02_1120x450.webp","datePublished":"2021-04-14T14:08:11+00:00","dateModified":"2024-05-30T09:51:35+00:00","description":"Le retourneur tra\u00een\u00e9 de la s\u00e9rie AFH et TAF est une machine con\u00e7ue pour les moyennes et grandes installations de compostage.","breadcrumb":{"@id":"https:\/\/www.zago-srl.com\/fr\/melangeurs-de-compostage\/bio-broyeur-melangeurs-traines\/krause-afh-taf-2500\/#breadcrumb"},"inLanguage":"fr-FR","potentialAction":[{"@type":"ReadAction","target":["https:\/\/www.zago-srl.com\/fr\/melangeurs-de-compostage\/bio-broyeur-melangeurs-traines\/krause-afh-taf-2500\/"]}]},{"@type":"ImageObject","inLanguage":"fr-FR","@id":"https:\/\/www.zago-srl.com\/fr\/melangeurs-de-compostage\/bio-broyeur-melangeurs-traines\/krause-afh-taf-2500\/#primaryimage","url":"https:\/\/www.zago-srl.com\/wp-content\/uploads\/2024\/05\/ZAGO_AFH_02_1120x450.webp","contentUrl":"https:\/\/www.zago-srl.com\/wp-content\/uploads\/2024\/05\/ZAGO_AFH_02_1120x450.webp","width":1120,"height":450},{"@type":"BreadcrumbList","@id":"https:\/\/www.zago-srl.com\/fr\/melangeurs-de-compostage\/bio-broyeur-melangeurs-traines\/krause-afh-taf-2500\/#breadcrumb","itemListElement":[{"@type":"ListItem","position":1,"name":"Home","item":"https:\/\/www.zago-srl.com\/fr\/"},{"@type":"ListItem","position":2,"name":"M\u00e9langeurs de compostage","item":"https:\/\/www.zago-srl.com\/fr\/melangeurs-de-compostage\/"},{"@type":"ListItem","position":3,"name":"Bio-broyeur-m\u00e9langeurs tra\u00een\u00e9s","item":"https:\/\/www.zago-srl.com\/fr\/melangeurs-de-compostage\/bio-broyeur-melangeurs-traines\/"},{"@type":"ListItem","position":4,"name":"Krause AFH \/ TAF 2500"}]},{"@type":"WebSite","@id":"https:\/\/www.zago-srl.com\/fr\/#website","url":"https:\/\/www.zago-srl.com\/fr\/","name":"Zago Srl","description":"","publisher":{"@id":"https:\/\/www.zago-srl.com\/fr\/#organization"},"potentialAction":[{"@type":"SearchAction","target":{"@type":"EntryPoint","urlTemplate":"https:\/\/www.zago-srl.com\/fr\/?s={search_term_string}"},"query-input":{"@type":"PropertyValueSpecification","valueRequired":true,"valueName":"search_term_string"}}],"inLanguage":"fr-FR"},{"@type":"Organization","@id":"https:\/\/www.zago-srl.com\/fr\/#organization","name":"Zago S.r.l.","url":"https:\/\/www.zago-srl.com\/fr\/","logo":{"@type":"ImageObject","inLanguage":"fr-FR","@id":"https:\/\/www.zago-srl.com\/fr\/#\/schema\/logo\/image\/","url":"https:\/\/www.zago-srl.com\/wp-content\/uploads\/2021\/02\/logo.png","contentUrl":"https:\/\/www.zago-srl.com\/wp-content\/uploads\/2021\/02\/logo.png","width":420,"height":152,"caption":"Zago S.r.l."},"image":{"@id":"https:\/\/www.zago-srl.com\/fr\/#\/schema\/logo\/image\/"},"sameAs":["https:\/\/www.facebook.com\/Zago-Unifeed-474211715991224\/","https:\/\/www.youtube.com\/user\/ZagoUnifeedGreen"]}]}},"_links":{"self":[{"href":"https:\/\/www.zago-srl.com\/fr\/wp-json\/wp\/v2\/pages\/2557","targetHints":{"allow":["GET"]}}],"collection":[{"href":"https:\/\/www.zago-srl.com\/fr\/wp-json\/wp\/v2\/pages"}],"about":[{"href":"https:\/\/www.zago-srl.com\/fr\/wp-json\/wp\/v2\/types\/page"}],"author":[{"embeddable":true,"href":"https:\/\/www.zago-srl.com\/fr\/wp-json\/wp\/v2\/users\/1"}],"replies":[{"embeddable":true,"href":"https:\/\/www.zago-srl.com\/fr\/wp-json\/wp\/v2\/comments?post=2557"}],"version-history":[{"count":0,"href":"https:\/\/www.zago-srl.com\/fr\/wp-json\/wp\/v2\/pages\/2557\/revisions"}],"up":[{"embeddable":true,"href":"https:\/\/www.zago-srl.com\/fr\/wp-json\/wp\/v2\/pages\/2546"}],"wp:featuredmedia":[{"embeddable":true,"href":"https:\/\/www.zago-srl.com\/fr\/wp-json\/wp\/v2\/media\/11986"}],"wp:attachment":[{"href":"https:\/\/www.zago-srl.com\/fr\/wp-json\/wp\/v2\/media?parent=2557"}],"curies":[{"name":"wp","href":"https:\/\/api.w.org\/{rel}","templated":true}]}}