{"id":2648,"date":"2021-04-14T14:24:46","date_gmt":"2021-04-14T12:24:46","guid":{"rendered":"https:\/\/www.zago-srl.com\/miscelatori-per-compostaggio\/miscelatori-stazionari\/ecogreen-composter-e-d\/"},"modified":"2021-10-26T15:10:12","modified_gmt":"2021-10-26T13:10:12","slug":"ecogreen-composter-e-d","status":"publish","type":"page","link":"https:\/\/www.zago-srl.com\/de\/kompostwender\/bio-zerkleinerer-stationare-mischer\/ecogreen-composter-e-d\/","title":{"rendered":"Ecogreen Composter E.D."},"content":{"rendered":"","protected":false},"excerpt":{"rendered":"","protected":false},"author":1,"featured_media":3491,"parent":5901,"menu_order":3,"comment_status":"closed","ping_status":"closed","template":"product.php","meta":{"_acf_changed":false,"footnotes":""},"class_list":["post-2648","page","type-page","status-publish","has-post-thumbnail","hentry"],"acf":[],"yoast_head":"<!-- This site is optimized with the Yoast SEO plugin v27.0 - https:\/\/yoast.com\/product\/yoast-seo-wordpress\/ -->\n<title>Ecogreen Composter E.D. | Zago Srl<\/title>\n<meta name=\"description\" content=\"Der Bioh\u00e4cksler\/Mischer\u00a0ECOGREEN COMPOSTER Diesel Engine\u00a0basiert auf der bew\u00e4hrten, patentierten \u201eFree Flow Mix\u201c Technologie, unterst\u00fctzt durch robuste Rotoren mit niedriger Drehzahl. Er eignet sich zur Verarbeitung von 10-30 cm dicken \u00c4sten und Zweigen, Gr\u00fcn- und Bioabf\u00e4llen, verschiedenen zu kompostierenden Produkten und Kl\u00e4rschl\u00e4mmen.\" \/>\n<meta name=\"robots\" content=\"index, follow, max-snippet:-1, max-image-preview:large, max-video-preview:-1\" \/>\n<link rel=\"canonical\" href=\"https:\/\/www.zago-srl.com\/de\/kompostwender\/bio-zerkleinerer-stationare-mischer\/ecogreen-composter-e-d\/\" \/>\n<meta property=\"og:locale\" content=\"de_DE\" \/>\n<meta property=\"og:type\" content=\"article\" \/>\n<meta property=\"og:title\" content=\"Ecogreen Composter E.D. | Zago Srl\" \/>\n<meta property=\"og:description\" content=\"Der Bioh\u00e4cksler\/Mischer\u00a0ECOGREEN COMPOSTER Diesel Engine\u00a0basiert auf der bew\u00e4hrten, patentierten \u201eFree Flow Mix\u201c Technologie, unterst\u00fctzt durch robuste Rotoren mit niedriger Drehzahl. Er eignet sich zur Verarbeitung von 10-30 cm dicken \u00c4sten und Zweigen, Gr\u00fcn- und Bioabf\u00e4llen, verschiedenen zu kompostierenden Produkten und Kl\u00e4rschl\u00e4mmen.\" \/>\n<meta property=\"og:url\" content=\"https:\/\/www.zago-srl.com\/de\/kompostwender\/bio-zerkleinerer-stationare-mischer\/ecogreen-composter-e-d\/\" \/>\n<meta property=\"og:site_name\" content=\"Zago Srl\" \/>\n<meta property=\"article:publisher\" content=\"https:\/\/www.facebook.com\/Zago-Unifeed-474211715991224\/\" \/>\n<meta property=\"article:modified_time\" content=\"2021-10-26T13:10:12+00:00\" \/>\n<meta property=\"og:image\" content=\"https:\/\/www.zago-srl.com\/wp-content\/uploads\/2021\/08\/ECOGREEN_COMPOSTER_zago_green_2021_13-scaled.jpg\" \/>\n\t<meta property=\"og:image:width\" content=\"2560\" \/>\n\t<meta property=\"og:image:height\" content=\"1166\" \/>\n\t<meta property=\"og:image:type\" content=\"image\/jpeg\" \/>\n<meta name=\"twitter:card\" content=\"summary_large_image\" \/>\n<script type=\"application\/ld+json\" class=\"yoast-schema-graph\">{\"@context\":\"https:\/\/schema.org\",\"@graph\":[{\"@type\":\"WebPage\",\"@id\":\"https:\/\/www.zago-srl.com\/de\/kompostwender\/bio-zerkleinerer-stationare-mischer\/ecogreen-composter-e-d\/\",\"url\":\"https:\/\/www.zago-srl.com\/de\/kompostwender\/bio-zerkleinerer-stationare-mischer\/ecogreen-composter-e-d\/\",\"name\":\"Ecogreen Composter E.D. | Zago Srl\",\"isPartOf\":{\"@id\":\"https:\/\/www.zago-srl.com\/de\/#website\"},\"primaryImageOfPage\":{\"@id\":\"https:\/\/www.zago-srl.com\/de\/kompostwender\/bio-zerkleinerer-stationare-mischer\/ecogreen-composter-e-d\/#primaryimage\"},\"image\":{\"@id\":\"https:\/\/www.zago-srl.com\/de\/kompostwender\/bio-zerkleinerer-stationare-mischer\/ecogreen-composter-e-d\/#primaryimage\"},\"thumbnailUrl\":\"https:\/\/www.zago-srl.com\/wp-content\/uploads\/2021\/08\/ECOGREEN_COMPOSTER_zago_green_2021_13-scaled.jpg\",\"datePublished\":\"2021-04-14T12:24:46+00:00\",\"dateModified\":\"2021-10-26T13:10:12+00:00\",\"description\":\"Der Bioh\u00e4cksler\/Mischer\u00a0ECOGREEN COMPOSTER Diesel Engine\u00a0basiert auf der bew\u00e4hrten, patentierten \u201eFree Flow Mix\u201c Technologie, unterst\u00fctzt durch robuste Rotoren mit niedriger Drehzahl. Er eignet sich zur Verarbeitung von 10-30 cm dicken \u00c4sten und Zweigen, Gr\u00fcn- und Bioabf\u00e4llen, verschiedenen zu kompostierenden Produkten und Kl\u00e4rschl\u00e4mmen.\",\"breadcrumb\":{\"@id\":\"https:\/\/www.zago-srl.com\/de\/kompostwender\/bio-zerkleinerer-stationare-mischer\/ecogreen-composter-e-d\/#breadcrumb\"},\"inLanguage\":\"de\",\"potentialAction\":[{\"@type\":\"ReadAction\",\"target\":[\"https:\/\/www.zago-srl.com\/de\/kompostwender\/bio-zerkleinerer-stationare-mischer\/ecogreen-composter-e-d\/\"]}]},{\"@type\":\"ImageObject\",\"inLanguage\":\"de\",\"@id\":\"https:\/\/www.zago-srl.com\/de\/kompostwender\/bio-zerkleinerer-stationare-mischer\/ecogreen-composter-e-d\/#primaryimage\",\"url\":\"https:\/\/www.zago-srl.com\/wp-content\/uploads\/2021\/08\/ECOGREEN_COMPOSTER_zago_green_2021_13-scaled.jpg\",\"contentUrl\":\"https:\/\/www.zago-srl.com\/wp-content\/uploads\/2021\/08\/ECOGREEN_COMPOSTER_zago_green_2021_13-scaled.jpg\",\"width\":2560,\"height\":1166},{\"@type\":\"BreadcrumbList\",\"@id\":\"https:\/\/www.zago-srl.com\/de\/kompostwender\/bio-zerkleinerer-stationare-mischer\/ecogreen-composter-e-d\/#breadcrumb\",\"itemListElement\":[{\"@type\":\"ListItem\",\"position\":1,\"name\":\"Home\",\"item\":\"https:\/\/www.zago-srl.com\/de\/\"},{\"@type\":\"ListItem\",\"position\":2,\"name\":\"Kompostwender\",\"item\":\"https:\/\/www.zago-srl.com\/de\/kompostwender\/\"},{\"@type\":\"ListItem\",\"position\":3,\"name\":\"Bio-Zerkleinerer station\u00e4re Mischer\",\"item\":\"https:\/\/www.zago-srl.com\/de\/kompostwender\/bio-zerkleinerer-stationare-mischer\/\"},{\"@type\":\"ListItem\",\"position\":4,\"name\":\"Ecogreen Composter E.D.\"}]},{\"@type\":\"WebSite\",\"@id\":\"https:\/\/www.zago-srl.com\/de\/#website\",\"url\":\"https:\/\/www.zago-srl.com\/de\/\",\"name\":\"Zago Srl\",\"description\":\"\",\"publisher\":{\"@id\":\"https:\/\/www.zago-srl.com\/de\/#organization\"},\"potentialAction\":[{\"@type\":\"SearchAction\",\"target\":{\"@type\":\"EntryPoint\",\"urlTemplate\":\"https:\/\/www.zago-srl.com\/de\/?s={search_term_string}\"},\"query-input\":{\"@type\":\"PropertyValueSpecification\",\"valueRequired\":true,\"valueName\":\"search_term_string\"}}],\"inLanguage\":\"de\"},{\"@type\":\"Organization\",\"@id\":\"https:\/\/www.zago-srl.com\/de\/#organization\",\"name\":\"Zago S.r.l.\",\"url\":\"https:\/\/www.zago-srl.com\/de\/\",\"logo\":{\"@type\":\"ImageObject\",\"inLanguage\":\"de\",\"@id\":\"https:\/\/www.zago-srl.com\/de\/#\/schema\/logo\/image\/\",\"url\":\"https:\/\/www.zago-srl.com\/wp-content\/uploads\/2021\/02\/logo.png\",\"contentUrl\":\"https:\/\/www.zago-srl.com\/wp-content\/uploads\/2021\/02\/logo.png\",\"width\":420,\"height\":152,\"caption\":\"Zago S.r.l.\"},\"image\":{\"@id\":\"https:\/\/www.zago-srl.com\/de\/#\/schema\/logo\/image\/\"},\"sameAs\":[\"https:\/\/www.facebook.com\/Zago-Unifeed-474211715991224\/\",\"https:\/\/www.youtube.com\/user\/ZagoUnifeedGreen\"]}]}<\/script>\n<!-- \/ Yoast SEO plugin. -->","yoast_head_json":{"title":"Ecogreen Composter E.D. | Zago Srl","description":"Der Bioh\u00e4cksler\/Mischer\u00a0ECOGREEN COMPOSTER Diesel Engine\u00a0basiert auf der bew\u00e4hrten, patentierten \u201eFree Flow Mix\u201c Technologie, unterst\u00fctzt durch robuste Rotoren mit niedriger Drehzahl. Er eignet sich zur Verarbeitung von 10-30 cm dicken \u00c4sten und Zweigen, Gr\u00fcn- und Bioabf\u00e4llen, verschiedenen zu kompostierenden Produkten und Kl\u00e4rschl\u00e4mmen.","robots":{"index":"index","follow":"follow","max-snippet":"max-snippet:-1","max-image-preview":"max-image-preview:large","max-video-preview":"max-video-preview:-1"},"canonical":"https:\/\/www.zago-srl.com\/de\/kompostwender\/bio-zerkleinerer-stationare-mischer\/ecogreen-composter-e-d\/","og_locale":"de_DE","og_type":"article","og_title":"Ecogreen Composter E.D. | Zago Srl","og_description":"Der Bioh\u00e4cksler\/Mischer\u00a0ECOGREEN COMPOSTER Diesel Engine\u00a0basiert auf der bew\u00e4hrten, patentierten \u201eFree Flow Mix\u201c Technologie, unterst\u00fctzt durch robuste Rotoren mit niedriger Drehzahl. Er eignet sich zur Verarbeitung von 10-30 cm dicken \u00c4sten und Zweigen, Gr\u00fcn- und Bioabf\u00e4llen, verschiedenen zu kompostierenden Produkten und Kl\u00e4rschl\u00e4mmen.","og_url":"https:\/\/www.zago-srl.com\/de\/kompostwender\/bio-zerkleinerer-stationare-mischer\/ecogreen-composter-e-d\/","og_site_name":"Zago Srl","article_publisher":"https:\/\/www.facebook.com\/Zago-Unifeed-474211715991224\/","article_modified_time":"2021-10-26T13:10:12+00:00","og_image":[{"width":2560,"height":1166,"url":"https:\/\/www.zago-srl.com\/wp-content\/uploads\/2021\/08\/ECOGREEN_COMPOSTER_zago_green_2021_13-scaled.jpg","type":"image\/jpeg"}],"twitter_card":"summary_large_image","schema":{"@context":"https:\/\/schema.org","@graph":[{"@type":"WebPage","@id":"https:\/\/www.zago-srl.com\/de\/kompostwender\/bio-zerkleinerer-stationare-mischer\/ecogreen-composter-e-d\/","url":"https:\/\/www.zago-srl.com\/de\/kompostwender\/bio-zerkleinerer-stationare-mischer\/ecogreen-composter-e-d\/","name":"Ecogreen Composter E.D. | Zago Srl","isPartOf":{"@id":"https:\/\/www.zago-srl.com\/de\/#website"},"primaryImageOfPage":{"@id":"https:\/\/www.zago-srl.com\/de\/kompostwender\/bio-zerkleinerer-stationare-mischer\/ecogreen-composter-e-d\/#primaryimage"},"image":{"@id":"https:\/\/www.zago-srl.com\/de\/kompostwender\/bio-zerkleinerer-stationare-mischer\/ecogreen-composter-e-d\/#primaryimage"},"thumbnailUrl":"https:\/\/www.zago-srl.com\/wp-content\/uploads\/2021\/08\/ECOGREEN_COMPOSTER_zago_green_2021_13-scaled.jpg","datePublished":"2021-04-14T12:24:46+00:00","dateModified":"2021-10-26T13:10:12+00:00","description":"Der Bioh\u00e4cksler\/Mischer\u00a0ECOGREEN COMPOSTER Diesel Engine\u00a0basiert auf der bew\u00e4hrten, patentierten \u201eFree Flow Mix\u201c Technologie, unterst\u00fctzt durch robuste Rotoren mit niedriger Drehzahl. Er eignet sich zur Verarbeitung von 10-30 cm dicken \u00c4sten und Zweigen, Gr\u00fcn- und Bioabf\u00e4llen, verschiedenen zu kompostierenden Produkten und Kl\u00e4rschl\u00e4mmen.","breadcrumb":{"@id":"https:\/\/www.zago-srl.com\/de\/kompostwender\/bio-zerkleinerer-stationare-mischer\/ecogreen-composter-e-d\/#breadcrumb"},"inLanguage":"de","potentialAction":[{"@type":"ReadAction","target":["https:\/\/www.zago-srl.com\/de\/kompostwender\/bio-zerkleinerer-stationare-mischer\/ecogreen-composter-e-d\/"]}]},{"@type":"ImageObject","inLanguage":"de","@id":"https:\/\/www.zago-srl.com\/de\/kompostwender\/bio-zerkleinerer-stationare-mischer\/ecogreen-composter-e-d\/#primaryimage","url":"https:\/\/www.zago-srl.com\/wp-content\/uploads\/2021\/08\/ECOGREEN_COMPOSTER_zago_green_2021_13-scaled.jpg","contentUrl":"https:\/\/www.zago-srl.com\/wp-content\/uploads\/2021\/08\/ECOGREEN_COMPOSTER_zago_green_2021_13-scaled.jpg","width":2560,"height":1166},{"@type":"BreadcrumbList","@id":"https:\/\/www.zago-srl.com\/de\/kompostwender\/bio-zerkleinerer-stationare-mischer\/ecogreen-composter-e-d\/#breadcrumb","itemListElement":[{"@type":"ListItem","position":1,"name":"Home","item":"https:\/\/www.zago-srl.com\/de\/"},{"@type":"ListItem","position":2,"name":"Kompostwender","item":"https:\/\/www.zago-srl.com\/de\/kompostwender\/"},{"@type":"ListItem","position":3,"name":"Bio-Zerkleinerer station\u00e4re Mischer","item":"https:\/\/www.zago-srl.com\/de\/kompostwender\/bio-zerkleinerer-stationare-mischer\/"},{"@type":"ListItem","position":4,"name":"Ecogreen Composter E.D."}]},{"@type":"WebSite","@id":"https:\/\/www.zago-srl.com\/de\/#website","url":"https:\/\/www.zago-srl.com\/de\/","name":"Zago Srl","description":"","publisher":{"@id":"https:\/\/www.zago-srl.com\/de\/#organization"},"potentialAction":[{"@type":"SearchAction","target":{"@type":"EntryPoint","urlTemplate":"https:\/\/www.zago-srl.com\/de\/?s={search_term_string}"},"query-input":{"@type":"PropertyValueSpecification","valueRequired":true,"valueName":"search_term_string"}}],"inLanguage":"de"},{"@type":"Organization","@id":"https:\/\/www.zago-srl.com\/de\/#organization","name":"Zago S.r.l.","url":"https:\/\/www.zago-srl.com\/de\/","logo":{"@type":"ImageObject","inLanguage":"de","@id":"https:\/\/www.zago-srl.com\/de\/#\/schema\/logo\/image\/","url":"https:\/\/www.zago-srl.com\/wp-content\/uploads\/2021\/02\/logo.png","contentUrl":"https:\/\/www.zago-srl.com\/wp-content\/uploads\/2021\/02\/logo.png","width":420,"height":152,"caption":"Zago S.r.l."},"image":{"@id":"https:\/\/www.zago-srl.com\/de\/#\/schema\/logo\/image\/"},"sameAs":["https:\/\/www.facebook.com\/Zago-Unifeed-474211715991224\/","https:\/\/www.youtube.com\/user\/ZagoUnifeedGreen"]}]}},"_links":{"self":[{"href":"https:\/\/www.zago-srl.com\/de\/wp-json\/wp\/v2\/pages\/2648","targetHints":{"allow":["GET"]}}],"collection":[{"href":"https:\/\/www.zago-srl.com\/de\/wp-json\/wp\/v2\/pages"}],"about":[{"href":"https:\/\/www.zago-srl.com\/de\/wp-json\/wp\/v2\/types\/page"}],"author":[{"embeddable":true,"href":"https:\/\/www.zago-srl.com\/de\/wp-json\/wp\/v2\/users\/1"}],"replies":[{"embeddable":true,"href":"https:\/\/www.zago-srl.com\/de\/wp-json\/wp\/v2\/comments?post=2648"}],"version-history":[{"count":0,"href":"https:\/\/www.zago-srl.com\/de\/wp-json\/wp\/v2\/pages\/2648\/revisions"}],"up":[{"embeddable":true,"href":"https:\/\/www.zago-srl.com\/de\/wp-json\/wp\/v2\/pages\/5901"}],"wp:featuredmedia":[{"embeddable":true,"href":"https:\/\/www.zago-srl.com\/de\/wp-json\/wp\/v2\/media\/3491"}],"wp:attachment":[{"href":"https:\/\/www.zago-srl.com\/de\/wp-json\/wp\/v2\/media?parent=2648"}],"curies":[{"name":"wp","href":"https:\/\/api.w.org\/{rel}","templated":true}]}}